{"id":2649,"date":"2014-01-10T11:26:26","date_gmt":"2014-01-10T10:26:26","guid":{"rendered":"http:\/\/www.floricolturavannucci.com\/photogallery-plants-flowers-and-garden-care\/piante-fiori-di-stagione-per-ricorrenze-speciali\/"},"modified":"2022-03-16T11:09:18","modified_gmt":"2022-03-16T10:09:18","slug":"piante-fiori-di-stagione-per-ricorrenze-speciali","status":"publish","type":"page","link":"https:\/\/www.floricolturavannucci.it\/en\/piante-fiori-di-stagione-per-ricorrenze-speciali\/","title":{"rendered":"Proposte del mese"},"content":{"rendered":"\t\t<div data-elementor-type=\"wp-page\" data-elementor-id=\"2649\" class=\"elementor elementor-2649 elementor-1734\" data-elementor-post-type=\"page\">\n\t\t\t\t\t\t<section class=\"elementor-section elementor-top-section elementor-element elementor-element-aeca00f elementor-section-boxed elementor-section-height-default elementor-section-height-default\" data-id=\"aeca00f\" data-element_type=\"section\">\n\t\t\t\t\t\t<div class=\"elementor-container elementor-column-gap-default\">\n\t\t\t\t\t<div class=\"elementor-column elementor-col-100 elementor-top-column elementor-element elementor-element-4b0536e\" data-id=\"4b0536e\" data-element_type=\"column\">\n\t\t\t<div class=\"elementor-widget-wrap elementor-element-populated\">\n\t\t\t\t\t\t<div class=\"elementor-element elementor-element-d5d647c elementor-widget elementor-widget-heading\" data-id=\"d5d647c\" data-element_type=\"widget\" data-widget_type=\"heading.default\">\n\t\t\t\t<div class=\"elementor-widget-container\">\n\t\t\t\t\t<h1 class=\"elementor-heading-title elementor-size-default\">Proposte del mese<\/h1>\t\t\t\t<\/div>\n\t\t\t\t<\/div>\n\t\t\t\t<div class=\"elementor-element elementor-element-70b2a07 elementor-widget elementor-widget-text-editor\" data-id=\"70b2a07\" data-element_type=\"widget\" data-widget_type=\"text-editor.default\">\n\t\t\t\t<div class=\"elementor-widget-container\">\n\t\t\t\t\t\t\t\t\t<p>Piante e proposte stagionali per ricorrenze e occasioni speciali. Ti piacciono?<\/p>\t\t\t\t\t\t\t\t<\/div>\n\t\t\t\t<\/div>\n\t\t\t\t\t<\/div>\n\t\t<\/div>\n\t\t\t\t\t<\/div>\n\t\t<\/section>\n\t\t\t\t<section class=\"elementor-section elementor-top-section elementor-element elementor-element-09c884a elementor-section-full_width elementor-section-height-default elementor-section-height-default\" data-id=\"09c884a\" data-element_type=\"section\">\n\t\t\t\t\t\t<div class=\"elementor-container elementor-column-gap-no\">\n\t\t\t\t\t<div class=\"elementor-column elementor-col-100 elementor-top-column elementor-element elementor-element-a8d9a09\" data-id=\"a8d9a09\" data-element_type=\"column\">\n\t\t\t<div class=\"elementor-widget-wrap elementor-element-populated\">\n\t\t\t\t\t\t<div class=\"elementor-element elementor-element-0ce0c16 elementor-widget elementor-widget-template\" data-id=\"0ce0c16\" data-element_type=\"widget\" data-widget_type=\"template.default\">\n\t\t\t\t<div class=\"elementor-widget-container\">\n\t\t\t\t\t\t\t<div class=\"elementor-template\">\n\t\t\t\t\t<div data-elementor-type=\"section\" data-elementor-id=\"4497\" class=\"elementor elementor-4497\" data-elementor-post-type=\"elementor_library\">\n\t\t\t\t\t<section class=\"elementor-section elementor-top-section elementor-element elementor-element-397e4fba elementor-section-boxed elementor-section-height-default elementor-section-height-default\" data-id=\"397e4fba\" data-element_type=\"section\" data-settings=\"{&quot;background_background&quot;:&quot;classic&quot;}\">\n\t\t\t\t\t\t<div class=\"elementor-container elementor-column-gap-default\">\n\t\t\t\t\t<div class=\"elementor-column elementor-col-50 elementor-top-column elementor-element elementor-element-578af3df\" data-id=\"578af3df\" data-element_type=\"column\">\n\t\t\t<div class=\"elementor-widget-wrap elementor-element-populated\">\n\t\t\t\t\t\t<div class=\"elementor-element elementor-element-5707d539 elementor-widget elementor-widget-heading\" data-id=\"5707d539\" data-element_type=\"widget\" data-widget_type=\"heading.default\">\n\t\t\t\t<div class=\"elementor-widget-container\">\n\t\t\t\t\t<h2 class=\"elementor-heading-title elementor-size-default\">Acquista o chiedi informazioni<\/h2>\t\t\t\t<\/div>\n\t\t\t\t<\/div>\n\t\t\t\t<div class=\"elementor-element elementor-element-b0ee595 elementor-widget elementor-widget-text-editor\" data-id=\"b0ee595\" data-element_type=\"widget\" data-widget_type=\"text-editor.default\">\n\t\t\t\t<div class=\"elementor-widget-container\">\n\t\t\t\t\t\t\t\t\t<p>Per <strong>richieste di disponibilit\u00e0<\/strong> o <strong>esigenze di personalizzazione <\/strong>compila il modulo e otterrai <strong>risposte rapide e efficaci<\/strong>.<\/p><p>Non puoi ritirare di persona? Nessun problema, <strong>provvediamo noi alla consegna.<\/strong><\/p><p>Risponderemo in tempi brevissimi.<\/p>\t\t\t\t\t\t\t\t<\/div>\n\t\t\t\t<\/div>\n\t\t\t\t<div class=\"elementor-element elementor-element-08894f0 elementor-alert-warning elementor-widget elementor-widget-alert\" data-id=\"08894f0\" data-element_type=\"widget\" data-widget_type=\"alert.default\">\n\t\t\t\t<div class=\"elementor-widget-container\">\n\t\t\t\t\t\t\t<div class=\"elementor-alert\" role=\"alert\">\n\n\t\t\t\t\t\t<span class=\"elementor-alert-title\">Consegne a domicilio<\/span>\n\t\t\t\n\t\t\t\t\t\t<span class=\"elementor-alert-description\">Per la consegna a domicilio ricordati di indicare l'indirizzo del destinatario.<\/span>\n\t\t\t\n\t\t\t\n\t\t<\/div>\n\t\t\t\t\t\t<\/div>\n\t\t\t\t<\/div>\n\t\t\t\t\t<\/div>\n\t\t<\/div>\n\t\t\t\t<div class=\"elementor-column elementor-col-50 elementor-top-column elementor-element elementor-element-1a0ca5e\" data-id=\"1a0ca5e\" data-element_type=\"column\">\n\t\t\t<div class=\"elementor-widget-wrap elementor-element-populated\">\n\t\t\t\t\t\t<div class=\"elementor-element elementor-element-100235d5 elementor-widget elementor-widget-wpforms\" data-id=\"100235d5\" data-element_type=\"widget\" data-widget_type=\"wpforms.default\">\n\t\t\t\t<div class=\"elementor-widget-container\">\n\t\t\t\t\t<div class=\"wpforms-container wpforms-container-full\" id=\"wpforms-4486\"><form id=\"wpforms-form-4486\" class=\"wpforms-validate wpforms-form wpforms-ajax-form\" data-formid=\"4486\" method=\"post\" enctype=\"multipart\/form-data\" action=\"\/en\/wp-json\/wp\/v2\/pages\/2649\" data-token=\"35e3cb48d908be31536ec603268f4e72\" data-token-time=\"1775394641\"><noscript class=\"wpforms-error-noscript\">Please enable JavaScript in your browser to complete this form.<\/noscript><div class=\"wpforms-field-container\"><div id=\"wpforms-4486-field_2-container\" class=\"wpforms-field wpforms-field-name\" data-field-id=\"2\"><label class=\"wpforms-field-label\" for=\"wpforms-4486-field_2\">Nome <span class=\"wpforms-required-label\">*<\/span><\/label><input type=\"text\" id=\"wpforms-4486-field_2\" class=\"wpforms-field-medium wpforms-field-required\" name=\"wpforms[fields][2]\" required><\/div><div id=\"wpforms-4486-field_3-container\" class=\"wpforms-field wpforms-field-email\" data-field-id=\"3\"><label class=\"wpforms-field-label\" for=\"wpforms-4486-field_3\">Email <span class=\"wpforms-required-label\">*<\/span><\/label><input type=\"email\" id=\"wpforms-4486-field_3\" class=\"wpforms-field-medium wpforms-field-required\" name=\"wpforms[fields][3]\" spellcheck=\"false\" required><\/div><div id=\"wpforms-4486-field_4-container\" class=\"wpforms-field wpforms-field-text\" data-field-id=\"4\"><label class=\"wpforms-field-label\" for=\"wpforms-4486-field_4\">Quale prodotto ti interessa? <span class=\"wpforms-required-label\">*<\/span><\/label><input type=\"text\" id=\"wpforms-4486-field_4\" class=\"wpforms-field-medium wpforms-field-required\" name=\"wpforms[fields][4]\" required><\/div><div id=\"wpforms-4486-field_5-container\" class=\"wpforms-field wpforms-field-textarea\" data-field-id=\"5\"><label class=\"wpforms-field-label\" for=\"wpforms-4486-field_5\">Messaggio <span class=\"wpforms-required-label\">*<\/span><\/label><textarea id=\"wpforms-4486-field_5\" class=\"wpforms-field-medium wpforms-field-required\" name=\"wpforms[fields][5]\" required><\/textarea><\/div><div id=\"wpforms-4486-field_6-container\" class=\"wpforms-field wpforms-field-checkbox\" data-field-id=\"6\"><label class=\"wpforms-field-label wpforms-label-hide\">Privacy policy <span class=\"wpforms-required-label\">*<\/span><\/label><ul id=\"wpforms-4486-field_6\" class=\"wpforms-field-required\"><li class=\"choice-1 depth-1\"><input type=\"checkbox\" id=\"wpforms-4486-field_6_1\" name=\"wpforms[fields][6][]\" value=\" Do il consenso al trattamento dei dati personali secondo la &lt;a href=&quot;https:\/\/www.iubenda.com\/privacy-policy\/49780899&quot;&gt;privacy policy&lt;\/a&gt; di questo sito\" required ><label class=\"wpforms-field-label-inline\" for=\"wpforms-4486-field_6_1\">Do il consenso al trattamento dei dati personali secondo la <a href=\"https:\/\/www.iubenda.com\/privacy-policy\/49780899\">privacy policy<\/a> di questo sito<\/label><\/li><\/ul><\/div><\/div><!-- .wpforms-field-container --><div class=\"wpforms-recaptcha-container wpforms-is-recaptcha wpforms-is-recaptcha-type-v3\" ><input type=\"hidden\" name=\"wpforms[recaptcha]\" value=\"\"><\/div><div class=\"wpforms-submit-container\" ><input type=\"hidden\" name=\"wpforms[id]\" value=\"4486\"><input type=\"hidden\" name=\"page_title\" value=\"\"><input type=\"hidden\" name=\"page_url\" value=\"https:\/\/www.floricolturavannucci.it\/en\/wp-json\/wp\/v2\/pages\/2649\"><input type=\"hidden\" name=\"url_referer\" value=\"\"><button type=\"submit\" name=\"wpforms[submit]\" id=\"wpforms-submit-4486\" class=\"wpforms-submit btn\" data-alt-text=\"Invio in corso...\" data-submit-text=\"Invia\" aria-live=\"assertive\" value=\"wpforms-submit\">Invia<\/button><img decoding=\"async\" src=\"https:\/\/www.floricolturavannucci.it\/wp-content\/plugins\/wpforms\/assets\/images\/submit-spin.svg\" class=\"wpforms-submit-spinner\" style=\"display: none;\" width=\"26\" height=\"26\" alt=\"Loading\"><\/div><\/form><\/div>  <!-- .wpforms-container -->\t\t\t\t<\/div>\n\t\t\t\t<\/div>\n\t\t\t\t\t<\/div>\n\t\t<\/div>\n\t\t\t\t\t<\/div>\n\t\t<\/section>\n\t\t\t\t<\/div>\n\t\t\t\t<\/div>\n\t\t\t\t\t\t<\/div>\n\t\t\t\t<\/div>\n\t\t\t\t\t<\/div>\n\t\t<\/div>\n\t\t\t\t\t<\/div>\n\t\t<\/section>\n\t\t\t\t<\/div>\n\t\t","protected":false},"excerpt":{"rendered":"<p>Piante e proposte stagionali per ricorrenze e occasioni speciali. Ti piacciono?<\/p>\n","protected":false},"author":8,"featured_media":0,"parent":0,"menu_order":0,"comment_status":"open","ping_status":"closed","template":"elementor_header_footer","meta":{"_et_pb_use_builder":"off","_et_pb_old_content":"","_et_gb_content_width":"","footnotes":""},"class_list":["post-2649","page","type-page","status-publish","hentry"],"yoast_head":"<!-- This site is optimized with the Yoast SEO plugin v25.4 - https:\/\/yoast.com\/wordpress\/plugins\/seo\/ -->\n<title>Le Piante, i Fiori pi\u00f9 adatti per le festivit\u00e0 correnti e la stagione?<\/title>\n<meta name=\"description\" content=\"Ogni occasione \u00e8 buona per regalare un fiore,ma ogni fiore \u00e8 buono nella sua stagione e per la giusta occasione. Proposte floreali sempre nuove e originali.\" \/>\n<meta name=\"robots\" content=\"index, follow, max-snippet:-1, max-image-preview:large, max-video-preview:-1\" \/>\n<link rel=\"canonical\" href=\"https:\/\/www.floricolturavannucci.it\/piante-fiori-di-stagione-per-ricorrenze-speciali\/\" \/>\n<meta property=\"og:locale\" content=\"en_US\" \/>\n<meta property=\"og:type\" content=\"article\" \/>\n<meta property=\"og:title\" content=\"Le Piante, i Fiori pi\u00f9 adatti per le festivit\u00e0 correnti e la stagione?\" \/>\n<meta property=\"og:description\" content=\"Ogni occasione \u00e8 buona per regalare un fiore,ma ogni fiore \u00e8 buono nella sua stagione e per la giusta occasione. Proposte floreali sempre nuove e originali.\" \/>\n<meta property=\"og:url\" content=\"https:\/\/www.floricolturavannucci.it\/piante-fiori-di-stagione-per-ricorrenze-speciali\/\" \/>\n<meta property=\"og:site_name\" content=\"Floricoltura Vannucci\" \/>\n<meta property=\"article:modified_time\" content=\"2022-03-16T10:09:18+00:00\" \/>\n<script type=\"application\/ld+json\" class=\"yoast-schema-graph\">{\"@context\":\"https:\/\/schema.org\",\"@graph\":[{\"@type\":\"WebPage\",\"@id\":\"https:\/\/www.floricolturavannucci.it\/piante-fiori-di-stagione-per-ricorrenze-speciali\/\",\"url\":\"https:\/\/www.floricolturavannucci.it\/piante-fiori-di-stagione-per-ricorrenze-speciali\/\",\"name\":\"Le Piante, i Fiori pi\u00f9 adatti per le festivit\u00e0 correnti e la stagione?\",\"isPartOf\":{\"@id\":\"https:\/\/www.floricolturavannucci.com\/#website\"},\"datePublished\":\"2014-01-10T10:26:26+00:00\",\"dateModified\":\"2022-03-16T10:09:18+00:00\",\"description\":\"Ogni occasione \u00e8 buona per regalare un fiore,ma ogni fiore \u00e8 buono nella sua stagione e per la giusta occasione. Proposte floreali sempre nuove e originali.\",\"breadcrumb\":{\"@id\":\"https:\/\/www.floricolturavannucci.it\/piante-fiori-di-stagione-per-ricorrenze-speciali\/#breadcrumb\"},\"inLanguage\":\"en-US\",\"potentialAction\":[{\"@type\":\"ReadAction\",\"target\":[\"https:\/\/www.floricolturavannucci.it\/piante-fiori-di-stagione-per-ricorrenze-speciali\/\"]}]},{\"@type\":\"BreadcrumbList\",\"@id\":\"https:\/\/www.floricolturavannucci.it\/piante-fiori-di-stagione-per-ricorrenze-speciali\/#breadcrumb\",\"itemListElement\":[{\"@type\":\"ListItem\",\"position\":1,\"name\":\"Home\",\"item\":\"https:\/\/www.floricolturavannucci.it\/en\/\"},{\"@type\":\"ListItem\",\"position\":2,\"name\":\"Proposte del mese\"}]},{\"@type\":\"WebSite\",\"@id\":\"https:\/\/www.floricolturavannucci.com\/#website\",\"url\":\"https:\/\/www.floricolturavannucci.com\/\",\"name\":\"Floricoltura Vannucci\",\"description\":\"Il vivaio di Firenze\",\"potentialAction\":[{\"@type\":\"SearchAction\",\"target\":{\"@type\":\"EntryPoint\",\"urlTemplate\":\"https:\/\/www.floricolturavannucci.com\/?s={search_term_string}\"},\"query-input\":{\"@type\":\"PropertyValueSpecification\",\"valueRequired\":true,\"valueName\":\"search_term_string\"}}],\"inLanguage\":\"en-US\"}]}<\/script>\n<!-- \/ Yoast SEO plugin. -->","yoast_head_json":{"title":"Le Piante, i Fiori pi\u00f9 adatti per le festivit\u00e0 correnti e la stagione?","description":"Ogni occasione \u00e8 buona per regalare un fiore,ma ogni fiore \u00e8 buono nella sua stagione e per la giusta occasione. Proposte floreali sempre nuove e originali.","robots":{"index":"index","follow":"follow","max-snippet":"max-snippet:-1","max-image-preview":"max-image-preview:large","max-video-preview":"max-video-preview:-1"},"canonical":"https:\/\/www.floricolturavannucci.it\/piante-fiori-di-stagione-per-ricorrenze-speciali\/","og_locale":"en_US","og_type":"article","og_title":"Le Piante, i Fiori pi\u00f9 adatti per le festivit\u00e0 correnti e la stagione?","og_description":"Ogni occasione \u00e8 buona per regalare un fiore,ma ogni fiore \u00e8 buono nella sua stagione e per la giusta occasione. Proposte floreali sempre nuove e originali.","og_url":"https:\/\/www.floricolturavannucci.it\/piante-fiori-di-stagione-per-ricorrenze-speciali\/","og_site_name":"Floricoltura Vannucci","article_modified_time":"2022-03-16T10:09:18+00:00","schema":{"@context":"https:\/\/schema.org","@graph":[{"@type":"WebPage","@id":"https:\/\/www.floricolturavannucci.it\/piante-fiori-di-stagione-per-ricorrenze-speciali\/","url":"https:\/\/www.floricolturavannucci.it\/piante-fiori-di-stagione-per-ricorrenze-speciali\/","name":"Le Piante, i Fiori pi\u00f9 adatti per le festivit\u00e0 correnti e la stagione?","isPartOf":{"@id":"https:\/\/www.floricolturavannucci.com\/#website"},"datePublished":"2014-01-10T10:26:26+00:00","dateModified":"2022-03-16T10:09:18+00:00","description":"Ogni occasione \u00e8 buona per regalare un fiore,ma ogni fiore \u00e8 buono nella sua stagione e per la giusta occasione. Proposte floreali sempre nuove e originali.","breadcrumb":{"@id":"https:\/\/www.floricolturavannucci.it\/piante-fiori-di-stagione-per-ricorrenze-speciali\/#breadcrumb"},"inLanguage":"en-US","potentialAction":[{"@type":"ReadAction","target":["https:\/\/www.floricolturavannucci.it\/piante-fiori-di-stagione-per-ricorrenze-speciali\/"]}]},{"@type":"BreadcrumbList","@id":"https:\/\/www.floricolturavannucci.it\/piante-fiori-di-stagione-per-ricorrenze-speciali\/#breadcrumb","itemListElement":[{"@type":"ListItem","position":1,"name":"Home","item":"https:\/\/www.floricolturavannucci.it\/en\/"},{"@type":"ListItem","position":2,"name":"Proposte del mese"}]},{"@type":"WebSite","@id":"https:\/\/www.floricolturavannucci.com\/#website","url":"https:\/\/www.floricolturavannucci.com\/","name":"Floricoltura Vannucci","description":"Il vivaio di Firenze","potentialAction":[{"@type":"SearchAction","target":{"@type":"EntryPoint","urlTemplate":"https:\/\/www.floricolturavannucci.com\/?s={search_term_string}"},"query-input":{"@type":"PropertyValueSpecification","valueRequired":true,"valueName":"search_term_string"}}],"inLanguage":"en-US"}]}},"_links":{"self":[{"href":"https:\/\/www.floricolturavannucci.it\/en\/wp-json\/wp\/v2\/pages\/2649","targetHints":{"allow":["GET"]}}],"collection":[{"href":"https:\/\/www.floricolturavannucci.it\/en\/wp-json\/wp\/v2\/pages"}],"about":[{"href":"https:\/\/www.floricolturavannucci.it\/en\/wp-json\/wp\/v2\/types\/page"}],"author":[{"embeddable":true,"href":"https:\/\/www.floricolturavannucci.it\/en\/wp-json\/wp\/v2\/users\/8"}],"replies":[{"embeddable":true,"href":"https:\/\/www.floricolturavannucci.it\/en\/wp-json\/wp\/v2\/comments?post=2649"}],"version-history":[{"count":0,"href":"https:\/\/www.floricolturavannucci.it\/en\/wp-json\/wp\/v2\/pages\/2649\/revisions"}],"wp:attachment":[{"href":"https:\/\/www.floricolturavannucci.it\/en\/wp-json\/wp\/v2\/media?parent=2649"}],"curies":[{"name":"wp","href":"https:\/\/api.w.org\/{rel}","templated":true}]}}